{"id":2012,"date":"2019-04-10T06:55:16","date_gmt":"2019-04-10T04:55:16","guid":{"rendered":"http:\/\/localhost\/zpohlreich\/?page_id=2012"},"modified":"2019-04-10T14:25:04","modified_gmt":"2019-04-10T12:25:04","slug":"culinary-courses","status":"publish","type":"page","link":"https:\/\/www.zdenekpohlreich.cz\/en\/culinary-courses\/","title":{"rendered":"Culinary courses"},"content":{"rendered":"<p>I like to share what I learned and what I believe regarding the culinary craft with others. Join one of my courses and start cooking simply and better.<\/p>\n<p>For those interested in courses led by Zden\u011bk Pohlreich, here is the list of courses and themes for the 2019 season:<\/p>\n<p>The prices given are per person and include the menu, non-alcoholic beverages and 2 glasses of wine. Click on the name of the course to see what you can expect<\/p>\n<p><a href=\"https:\/\/www.akademiegrosseto.cz\/kurz-vareni\/steaky\">Steaks ( new recipes )<\/a>\u00a0 \u00a0&#8211; The Grosetto Culinary Academy, Pr\u016fhonice \u2013 4,700 CZK<br \/>\n<a href=\"https:\/\/www.akademiegrosseto.cz\/kurz-vareni\/fresh-kuchyne\">Fresh cooking<\/a> &#8211; The Grosetto Culinary Academy, Pr\u016fhonice \u2013 4,500 CZK<br \/>\n<a href=\"https:\/\/www.gourmetacademy.cz\/kurzy\/\">Good dinner for good friends<\/a> &#8211; Gourmet Academy, Vodi\u010dkova 2, Praha 1 \u2013 4,600 CZK<\/p>\n<p><em>To get more about the dates, booking and other organization details concerning culinary courses pls contact help desk of providers directly. They are at your disposal to answer your questions.<\/em><br \/>\n<em>This is the list of our partners who provide culinary courses with Zden\u011bk Pohlreich:<\/em><\/p>\n<p><a href=\"https:\/\/www.akademiegrosseto.cz\">Kulin\u00e1\u0159sk\u00e1 akademie Grosseto<br \/>\n<\/a><a href=\"https:\/\/www.gourmetacademy.cz\">Gourmet academy<\/a><\/p>\n<p><em>Payment for the courses is possible only with a debit or credit card.<\/em><\/p>\n<p>THE DATES FOR MAY AND JUNE WILL BE ANNOUNCED ON THE 8th. OF APRIL AT MIDDAY.<\/p>\n<p>Thank you for your kind and encouraging interest!<\/p>\n<p>The Z. Pohlreich team<\/p>\n<p>&nbsp;<\/p>\n","protected":false},"excerpt":{"rendered":"<p>I like to share what I learned and what I believe regarding the culinary craft with others. Join one of my courses and start cooking simply and better.<\/p>\n","protected":false},"author":1,"featured_media":2013,"parent":0,"menu_order":0,"comment_status":"closed","ping_status":"closed","template":"kurzy-page.php","meta":[],"_links":{"self":[{"href":"https:\/\/www.zdenekpohlreich.cz\/en\/wp-json\/wp\/v2\/pages\/2012\/"}],"collection":[{"href":"https:\/\/www.zdenekpohlreich.cz\/en\/wp-json\/wp\/v2\/pages\/"}],"about":[{"href":"https:\/\/www.zdenekpohlreich.cz\/en\/wp-json\/wp\/v2\/types\/page\/"}],"author":[{"embeddable":true,"href":"https:\/\/www.zdenekpohlreich.cz\/en\/wp-json\/wp\/v2\/users\/1\/"}],"replies":[{"embeddable":true,"href":"https:\/\/www.zdenekpohlreich.cz\/en\/wp-json\/wp\/v2\/comments\/?post=2012"}],"version-history":[{"count":7,"href":"https:\/\/www.zdenekpohlreich.cz\/en\/wp-json\/wp\/v2\/pages\/2012\/revisions\/"}],"predecessor-version":[{"id":2024,"href":"https:\/\/www.zdenekpohlreich.cz\/en\/wp-json\/wp\/v2\/pages\/2012\/revisions\/2024\/"}],"wp:featuredmedia":[{"embeddable":true,"href":"https:\/\/www.zdenekpohlreich.cz\/en\/wp-json\/wp\/v2\/media\/2013\/"}],"wp:attachment":[{"href":"https:\/\/www.zdenekpohlreich.cz\/en\/wp-json\/wp\/v2\/media\/?parent=2012"}],"curies":[{"name":"wp","href":"https:\/\/api.w.org\/{rel}","templated":true}]}}